{"id":356,"date":"2021-02-08T16:42:53","date_gmt":"2021-02-08T15:42:53","guid":{"rendered":"https:\/\/www.opalekarting.fr\/?page_id=356"},"modified":"2021-02-15T11:41:03","modified_gmt":"2021-02-15T10:41:03","slug":"la-boutique","status":"publish","type":"page","link":"https:\/\/www.opalekarting.fr\/index.php\/la-boutique\/","title":{"rendered":"BOUTIQUE"},"content":{"rendered":"\n<p class=\"has-background has-medium-font-size\" style=\"background-color:#eb690b\"><strong><span class=\"has-inline-color has-black-color\">VENTE DE KARTS NEUFS ET OCCASIONS AINSI QUE TOUT L&rsquo;\u00c9QUIPEMENT DU PILOTE<\/span><\/strong><\/p>\n\n\n\n<p>Opale Karting est un centre agr\u00e9e Rotax et propose \u00e0 la vente des karts, pi\u00e8ces d\u00e9tach\u00e9es et tout l&rsquo;\u00e9quipement du pilote (combinaison, casque, tee-shirts, blousons\u2026).<\/p>\n\n\n\n<p>Depuis 1996, nous sommes sp\u00e9cialistes des ch\u00e2ssis Sodikart.<\/p>\n\n\n\n<p>Si vous \u00eates tent\u00e9 par l\u2019achat d\u2019un kart de comp\u00e9tition et que vous voulez faire partie d\u2019un club de passionn\u00e9s n&rsquo;h\u00e9sitez pas \u00e0 nous contacter au <span style=\"color:#eb690b\" class=\"has-inline-color\">03.21.94.44.45<\/span> ou sur <a href=\"mailto:contact@opalekarting.fr\" target=\"_blank\" rel=\"noreferrer noopener\"><span style=\"color:#eb690b\" class=\"has-inline-color\">contact@opalekarting.fr<\/span><\/a><span style=\"color:#eb690b\" class=\"has-inline-color\"> <\/span>pour plus de renseignements.<\/p>\n\n\n\n<p><\/p>\n\n\n\n<div class=\"wp-block-columns is-layout-flex wp-container-core-columns-is-layout-9d6595d7 wp-block-columns-is-layout-flex\">\n<div class=\"wp-block-column is-layout-flow wp-block-column-is-layout-flow\" style=\"flex-basis:66.66%\">\n<p><strong>SODI SIGMA RS <\/strong>(pour les plus de 15 ans)<\/p>\n\n\n\n<p>Nouveau syst\u00e8me de freinage pour apporter davantage de sensibilit\u00e9 et de progressivit\u00e9. La fabrication du Sigma RS permet aux pilotes d\u2019aligner les performances sur toute la dur\u00e9e des courses.<\/p>\n\n\n\n<p>Motoris\u00e9 par le Rotax Max 125 ou Parilla X30.<\/p>\n<\/div>\n\n\n\n<div class=\"wp-block-column is-layout-flow wp-block-column-is-layout-flow\" style=\"flex-basis:33.33%\">\n<div class=\"wp-block-image is-style-default\"><figure class=\"aligncenter size-large\"><img loading=\"lazy\" decoding=\"async\" width=\"437\" height=\"311\" src=\"https:\/\/www.opalekarting.fr\/wp-content\/uploads\/2021\/02\/1-RS.png\" alt=\"\" class=\"wp-image-971\" srcset=\"https:\/\/www.opalekarting.fr\/wp-content\/uploads\/2021\/02\/1-RS.png 437w, https:\/\/www.opalekarting.fr\/wp-content\/uploads\/2021\/02\/1-RS-300x214.png 300w\" sizes=\"auto, (max-width: 437px) 100vw, 437px\" \/><\/figure><\/div>\n<\/div>\n<\/div>\n\n\n\n<div class=\"wp-block-columns is-layout-flex wp-container-core-columns-is-layout-9d6595d7 wp-block-columns-is-layout-flex\">\n<div class=\"wp-block-column is-layout-flow wp-block-column-is-layout-flow\" style=\"flex-basis:66.66%\">\n<p><strong>SODI SIGMA DD2<\/strong> (pour les plus de 15 ans)<\/p>\n\n\n\n<p>Avec ses derni\u00e8res innovations techniques le SIGMA DD2 est sans aucun doute construit pour la victoire avec le fameux&nbsp;moteur \u00e0 entra\u00eenement direct et ses 2 vitesses avec palettes au volant.<\/p>\n\n\n\n<p>Motoris\u00e9 parle Rotax 125 DD2 evo.<\/p>\n<\/div>\n\n\n\n<div class=\"wp-block-column is-layout-flow wp-block-column-is-layout-flow\" style=\"flex-basis:33.33%\">\n<div class=\"wp-block-image\"><figure class=\"aligncenter size-large\"><img loading=\"lazy\" decoding=\"async\" width=\"437\" height=\"311\" src=\"https:\/\/www.opalekarting.fr\/wp-content\/uploads\/2021\/02\/2-DD2-1.png\" alt=\"\" class=\"wp-image-972\" srcset=\"https:\/\/www.opalekarting.fr\/wp-content\/uploads\/2021\/02\/2-DD2-1.png 437w, https:\/\/www.opalekarting.fr\/wp-content\/uploads\/2021\/02\/2-DD2-1-300x214.png 300w\" sizes=\"auto, (max-width: 437px) 100vw, 437px\" \/><\/figure><\/div>\n\n\n\n<p><\/p>\n<\/div>\n<\/div>\n\n\n\n<div class=\"wp-block-columns is-layout-flex wp-container-core-columns-is-layout-9d6595d7 wp-block-columns-is-layout-flex\">\n<div class=\"wp-block-column is-layout-flow wp-block-column-is-layout-flow\" style=\"flex-basis:66.66%\">\n<p><strong>SODI SIGMA DELTA MINI<\/strong> (de 7 \u00e0 13 ans)<\/p>\n\n\n\n<p>Sa conception est issue des derni\u00e8res technologies utilis\u00e9es sur l\u2019ensemble des karts de la nouvelle gamme Sodi. Le Delta est la r\u00e9f\u00e9rence incontestable des jeunes pilotes les plus exigeants.<\/p>\n\n\n\n<p>Motoris\u00e9 par le Rotax max 80 ou 100 cm3<\/p>\n<\/div>\n\n\n\n<div class=\"wp-block-column is-layout-flow wp-block-column-is-layout-flow\" style=\"flex-basis:33.33%\">\n<figure class=\"wp-block-image size-large\"><img loading=\"lazy\" decoding=\"async\" width=\"437\" height=\"311\" src=\"https:\/\/www.opalekarting.fr\/wp-content\/uploads\/2021\/02\/3-DELTA.png\" alt=\"\" class=\"wp-image-973\" srcset=\"https:\/\/www.opalekarting.fr\/wp-content\/uploads\/2021\/02\/3-DELTA.png 437w, https:\/\/www.opalekarting.fr\/wp-content\/uploads\/2021\/02\/3-DELTA-300x214.png 300w\" sizes=\"auto, (max-width: 437px) 100vw, 437px\" \/><\/figure>\n<\/div>\n<\/div>\n\n\n\n<p>Et d\u2019autres mod\u00e8les disponibles, n\u2019h\u00e9sitez pas \u00e0 vous renseigner&nbsp;!!<\/p>\n","protected":false},"excerpt":{"rendered":"<p>VENTE DE KARTS NEUFS ET OCCASIONS AINSI QUE TOUT L&rsquo;\u00c9QUIPEMENT DU PILOTE Opale Karting est un centre agr\u00e9e Rotax et propose \u00e0 la vente des karts, pi\u00e8ces d\u00e9tach\u00e9es et tout l&rsquo;\u00e9quipement du pilote (combinaison, casque, tee-shirts, blousons\u2026). Depuis 1996, nous sommes sp\u00e9cialistes des ch\u00e2ssis Sodikart. Si vous \u00eates tent\u00e9 par l\u2019achat d\u2019un kart de comp\u00e9tition &hellip; <\/p>\n<p class=\"link-more\"><a href=\"https:\/\/www.opalekarting.fr\/index.php\/la-boutique\/\" class=\"more-link\">Continuer la lecture<span class=\"screen-reader-text\"> de &laquo;&nbsp;BOUTIQUE&nbsp;&raquo;<\/span><\/a><\/p>\n","protected":false},"author":1,"featured_media":0,"parent":0,"menu_order":0,"comment_status":"closed","ping_status":"closed","template":"","meta":{"footnotes":""},"class_list":["post-356","page","type-page","status-publish","hentry"],"featured_image_urls":{},"appp_media":null,"_links":{"self":[{"href":"https:\/\/www.opalekarting.fr\/index.php\/wp-json\/wp\/v2\/pages\/356","targetHints":{"allow":["GET"]}}],"collection":[{"href":"https:\/\/www.opalekarting.fr\/index.php\/wp-json\/wp\/v2\/pages"}],"about":[{"href":"https:\/\/www.opalekarting.fr\/index.php\/wp-json\/wp\/v2\/types\/page"}],"author":[{"embeddable":true,"href":"https:\/\/www.opalekarting.fr\/index.php\/wp-json\/wp\/v2\/users\/1"}],"replies":[{"embeddable":true,"href":"https:\/\/www.opalekarting.fr\/index.php\/wp-json\/wp\/v2\/comments?post=356"}],"version-history":[{"count":25,"href":"https:\/\/www.opalekarting.fr\/index.php\/wp-json\/wp\/v2\/pages\/356\/revisions"}],"predecessor-version":[{"id":1200,"href":"https:\/\/www.opalekarting.fr\/index.php\/wp-json\/wp\/v2\/pages\/356\/revisions\/1200"}],"wp:attachment":[{"href":"https:\/\/www.opalekarting.fr\/index.php\/wp-json\/wp\/v2\/media?parent=356"}],"curies":[{"name":"wp","href":"https:\/\/api.w.org\/{rel}","templated":true}]}}